{"id":36,"date":"2019-01-27T11:49:03","date_gmt":"2019-01-27T10:49:03","guid":{"rendered":"https:\/\/www.valuans.com\/?page_id=36"},"modified":"2021-05-31T14:59:36","modified_gmt":"2021-05-31T12:59:36","slug":"se-developper-passer-un-pallier","status":"publish","type":"page","link":"https:\/\/www.valuans.com\/en\/your-goals-your-priorities\/se-developper-passer-un-pallier\/","title":{"rendered":"Se d\u00e9velopper, passer un palier"},"content":{"rendered":"","protected":false},"excerpt":{"rendered":"","protected":false},"author":1,"featured_media":0,"parent":7,"menu_order":0,"comment_status":"closed","ping_status":"closed","template":"templates\/reference.php","meta":{"content-type":"","footnotes":""},"yoast_head":"<!-- This site is optimized with the Yoast SEO Premium plugin v22.3 (Yoast SEO v23.5) - https:\/\/yoast.com\/wordpress\/plugins\/seo\/ -->\n<title>Se d\u00e9velopper, passer un palier - Valuans<\/title>\n<meta name=\"description\" content=\"Se d\u00e9velopper, passer un palier - M\u00e9thode en 2 temps : audit strat\u00e9gique et d&#039;organisation, accompagnement du changement d&#039;\u00e9chelle de l&#039;entreprise\" \/>\n<meta name=\"robots\" content=\"index, follow, max-snippet:-1, max-image-preview:large, max-video-preview:-1\" \/>\n<link rel=\"canonical\" href=\"https:\/\/www.valuans.com\/en\/your-goals-your-priorities\/se-developper-passer-un-pallier\/\" \/>\n<meta property=\"og:locale\" content=\"en_GB\" \/>\n<meta property=\"og:type\" content=\"article\" \/>\n<meta property=\"og:title\" content=\"Se d\u00e9velopper, passer un palier\" \/>\n<meta property=\"og:description\" content=\"Se d\u00e9velopper, passer un palier - M\u00e9thode en 2 temps : audit strat\u00e9gique et d&#039;organisation, accompagnement du changement d&#039;\u00e9chelle de l&#039;entreprise\" \/>\n<meta property=\"og:url\" content=\"https:\/\/www.valuans.com\/en\/your-goals-your-priorities\/se-developper-passer-un-pallier\/\" \/>\n<meta property=\"og:site_name\" content=\"Valuans\" \/>\n<meta property=\"article:publisher\" content=\"https:\/\/www.facebook.com\/Valuans\" \/>\n<meta property=\"article:modified_time\" content=\"2021-05-31T12:59:36+00:00\" \/>\n<meta name=\"twitter:card\" content=\"summary_large_image\" \/>\n<meta name=\"twitter:site\" content=\"@valuans\" \/>\n<script type=\"application\/ld+json\" class=\"yoast-schema-graph\">{\"@context\":\"https:\/\/schema.org\",\"@graph\":[{\"@type\":\"WebPage\",\"@id\":\"https:\/\/www.valuans.com\/vos-objectifs-vos-priorites\/se-developper-passer-un-pallier\/\",\"url\":\"https:\/\/www.valuans.com\/vos-objectifs-vos-priorites\/se-developper-passer-un-pallier\/\",\"name\":\"Se d\u00e9velopper, passer un palier - Valuans\",\"isPartOf\":{\"@id\":\"https:\/\/www.valuans.com\/#website\"},\"datePublished\":\"2019-01-27T10:49:03+00:00\",\"dateModified\":\"2021-05-31T12:59:36+00:00\",\"description\":\"Se d\u00e9velopper, passer un palier - M\u00e9thode en 2 temps : audit strat\u00e9gique et d'organisation, accompagnement du changement d'\u00e9chelle de l'entreprise\",\"breadcrumb\":{\"@id\":\"https:\/\/www.valuans.com\/vos-objectifs-vos-priorites\/se-developper-passer-un-pallier\/#breadcrumb\"},\"inLanguage\":\"en-GB\",\"potentialAction\":[{\"@type\":\"ReadAction\",\"target\":[\"https:\/\/www.valuans.com\/vos-objectifs-vos-priorites\/se-developper-passer-un-pallier\/\"]}]},{\"@type\":\"BreadcrumbList\",\"@id\":\"https:\/\/www.valuans.com\/vos-objectifs-vos-priorites\/se-developper-passer-un-pallier\/#breadcrumb\",\"itemListElement\":[{\"@type\":\"ListItem\",\"position\":1,\"name\":\"Home\",\"item\":\"https:\/\/www.valuans.com\/\"},{\"@type\":\"ListItem\",\"position\":2,\"name\":\"Vos objectifs, vos priorit\u00e9s op\u00e9rationnelles\",\"item\":\"https:\/\/www.valuans.com\/vos-objectifs-vos-priorites\/\"},{\"@type\":\"ListItem\",\"position\":3,\"name\":\"Se d\u00e9velopper, passer un palier\"}]},{\"@type\":\"WebSite\",\"@id\":\"https:\/\/www.valuans.com\/#website\",\"url\":\"https:\/\/www.valuans.com\/\",\"name\":\"Valuans\",\"description\":\"Accompagner les projets, d\u00e9velopper les id\u00e9es - Valuans - Agence Conseil\",\"publisher\":{\"@id\":\"https:\/\/www.valuans.com\/#organization\"},\"potentialAction\":[{\"@type\":\"SearchAction\",\"target\":{\"@type\":\"EntryPoint\",\"urlTemplate\":\"https:\/\/www.valuans.com\/?s={search_term_string}\"},\"query-input\":{\"@type\":\"PropertyValueSpecification\",\"valueRequired\":true,\"valueName\":\"search_term_string\"}}],\"inLanguage\":\"en-GB\"},{\"@type\":\"Organization\",\"@id\":\"https:\/\/www.valuans.com\/#organization\",\"name\":\"Valuans\",\"url\":\"https:\/\/www.valuans.com\/\",\"logo\":{\"@type\":\"ImageObject\",\"inLanguage\":\"en-GB\",\"@id\":\"https:\/\/www.valuans.com\/#\/schema\/logo\/image\/\",\"url\":\"https:\/\/www.valuans.com\/wp-content\/uploads\/2021\/05\/profil_valuans_280x280px.jpg\",\"contentUrl\":\"https:\/\/www.valuans.com\/wp-content\/uploads\/2021\/05\/profil_valuans_280x280px.jpg\",\"width\":281,\"height\":281,\"caption\":\"Valuans\"},\"image\":{\"@id\":\"https:\/\/www.valuans.com\/#\/schema\/logo\/image\/\"},\"sameAs\":[\"https:\/\/www.facebook.com\/Valuans\",\"https:\/\/x.com\/valuans\",\"https:\/\/www.instagram.com\/valuans\/\",\"https:\/\/www.linkedin.com\/company\/9220229\/admin\/\"]}]}<\/script>\n<!-- \/ Yoast SEO Premium plugin. -->","yoast_head_json":{"title":"Se d\u00e9velopper, passer un palier - Valuans","description":"Se d\u00e9velopper, passer un palier - M\u00e9thode en 2 temps : audit strat\u00e9gique et d'organisation, accompagnement du changement d'\u00e9chelle de l'entreprise","robots":{"index":"index","follow":"follow","max-snippet":"max-snippet:-1","max-image-preview":"max-image-preview:large","max-video-preview":"max-video-preview:-1"},"canonical":"https:\/\/www.valuans.com\/en\/your-goals-your-priorities\/se-developper-passer-un-pallier\/","og_locale":"en_GB","og_type":"article","og_title":"Se d\u00e9velopper, passer un palier","og_description":"Se d\u00e9velopper, passer un palier - M\u00e9thode en 2 temps : audit strat\u00e9gique et d'organisation, accompagnement du changement d'\u00e9chelle de l'entreprise","og_url":"https:\/\/www.valuans.com\/en\/your-goals-your-priorities\/se-developper-passer-un-pallier\/","og_site_name":"Valuans","article_publisher":"https:\/\/www.facebook.com\/Valuans","article_modified_time":"2021-05-31T12:59:36+00:00","twitter_card":"summary_large_image","twitter_site":"@valuans","schema":{"@context":"https:\/\/schema.org","@graph":[{"@type":"WebPage","@id":"https:\/\/www.valuans.com\/vos-objectifs-vos-priorites\/se-developper-passer-un-pallier\/","url":"https:\/\/www.valuans.com\/vos-objectifs-vos-priorites\/se-developper-passer-un-pallier\/","name":"Se d\u00e9velopper, passer un palier - Valuans","isPartOf":{"@id":"https:\/\/www.valuans.com\/#website"},"datePublished":"2019-01-27T10:49:03+00:00","dateModified":"2021-05-31T12:59:36+00:00","description":"Se d\u00e9velopper, passer un palier - M\u00e9thode en 2 temps : audit strat\u00e9gique et d'organisation, accompagnement du changement d'\u00e9chelle de l'entreprise","breadcrumb":{"@id":"https:\/\/www.valuans.com\/vos-objectifs-vos-priorites\/se-developper-passer-un-pallier\/#breadcrumb"},"inLanguage":"en-GB","potentialAction":[{"@type":"ReadAction","target":["https:\/\/www.valuans.com\/vos-objectifs-vos-priorites\/se-developper-passer-un-pallier\/"]}]},{"@type":"BreadcrumbList","@id":"https:\/\/www.valuans.com\/vos-objectifs-vos-priorites\/se-developper-passer-un-pallier\/#breadcrumb","itemListElement":[{"@type":"ListItem","position":1,"name":"Home","item":"https:\/\/www.valuans.com\/"},{"@type":"ListItem","position":2,"name":"Vos objectifs, vos priorit\u00e9s op\u00e9rationnelles","item":"https:\/\/www.valuans.com\/vos-objectifs-vos-priorites\/"},{"@type":"ListItem","position":3,"name":"Se d\u00e9velopper, passer un palier"}]},{"@type":"WebSite","@id":"https:\/\/www.valuans.com\/#website","url":"https:\/\/www.valuans.com\/","name":"Valuans","description":"Accompagner les projets, d\u00e9velopper les id\u00e9es - Valuans - Agence Conseil","publisher":{"@id":"https:\/\/www.valuans.com\/#organization"},"potentialAction":[{"@type":"SearchAction","target":{"@type":"EntryPoint","urlTemplate":"https:\/\/www.valuans.com\/?s={search_term_string}"},"query-input":{"@type":"PropertyValueSpecification","valueRequired":true,"valueName":"search_term_string"}}],"inLanguage":"en-GB"},{"@type":"Organization","@id":"https:\/\/www.valuans.com\/#organization","name":"Valuans","url":"https:\/\/www.valuans.com\/","logo":{"@type":"ImageObject","inLanguage":"en-GB","@id":"https:\/\/www.valuans.com\/#\/schema\/logo\/image\/","url":"https:\/\/www.valuans.com\/wp-content\/uploads\/2021\/05\/profil_valuans_280x280px.jpg","contentUrl":"https:\/\/www.valuans.com\/wp-content\/uploads\/2021\/05\/profil_valuans_280x280px.jpg","width":281,"height":281,"caption":"Valuans"},"image":{"@id":"https:\/\/www.valuans.com\/#\/schema\/logo\/image\/"},"sameAs":["https:\/\/www.facebook.com\/Valuans","https:\/\/x.com\/valuans","https:\/\/www.instagram.com\/valuans\/","https:\/\/www.linkedin.com\/company\/9220229\/admin\/"]}]}},"jetpack_sharing_enabled":true,"_links":{"self":[{"href":"https:\/\/www.valuans.com\/en\/wp-json\/wp\/v2\/pages\/36"}],"collection":[{"href":"https:\/\/www.valuans.com\/en\/wp-json\/wp\/v2\/pages"}],"about":[{"href":"https:\/\/www.valuans.com\/en\/wp-json\/wp\/v2\/types\/page"}],"author":[{"embeddable":true,"href":"https:\/\/www.valuans.com\/en\/wp-json\/wp\/v2\/users\/1"}],"replies":[{"embeddable":true,"href":"https:\/\/www.valuans.com\/en\/wp-json\/wp\/v2\/comments?post=36"}],"version-history":[{"count":11,"href":"https:\/\/www.valuans.com\/en\/wp-json\/wp\/v2\/pages\/36\/revisions"}],"predecessor-version":[{"id":892,"href":"https:\/\/www.valuans.com\/en\/wp-json\/wp\/v2\/pages\/36\/revisions\/892"}],"up":[{"embeddable":true,"href":"https:\/\/www.valuans.com\/en\/wp-json\/wp\/v2\/pages\/7"}],"wp:attachment":[{"href":"https:\/\/www.valuans.com\/en\/wp-json\/wp\/v2\/media?parent=36"}],"curies":[{"name":"wp","href":"https:\/\/api.w.org\/{rel}","templated":true}]}}