{"id":17,"date":"2019-01-25T21:41:37","date_gmt":"2019-01-25T20:41:37","guid":{"rendered":"https:\/\/www.valuans.com\/?page_id=17"},"modified":"2021-05-31T17:25:33","modified_gmt":"2021-05-31T15:25:33","slug":"un-ecosysteme-de-partenaires-equipe-experts","status":"publish","type":"page","link":"https:\/\/www.valuans.com\/en\/a-partner-network\/","title":{"rendered":"Un \u00e9cosyst\u00e8me de partenaires"},"content":{"rendered":"","protected":false},"excerpt":{"rendered":"","protected":false},"author":1,"featured_media":0,"parent":0,"menu_order":0,"comment_status":"closed","ping_status":"closed","template":"templates\/valuans.php","meta":{"content-type":"","footnotes":""},"yoast_head":"<!-- This site is optimized with the Yoast SEO Premium plugin v22.3 (Yoast SEO v23.5) - https:\/\/yoast.com\/wordpress\/plugins\/seo\/ -->\n<title>Un \u00e9cosyst\u00e8me de partenaires - Valuans<\/title>\n<meta name=\"description\" content=\"\u00c9quipe d\u2019experts sectoriels au service de vos objectifs : industrie, services, administration, \u00e9ducation, agro-agroalimentaire, informatique, tech - Un \u00e9cosyst\u00e8me de partenaires\" \/>\n<meta name=\"robots\" content=\"index, follow, max-snippet:-1, max-image-preview:large, max-video-preview:-1\" \/>\n<link rel=\"canonical\" href=\"https:\/\/www.valuans.com\/en\/a-partner-network\/\" \/>\n<meta property=\"og:locale\" content=\"en_GB\" \/>\n<meta property=\"og:type\" content=\"article\" \/>\n<meta property=\"og:title\" content=\"Un \u00e9cosyst\u00e8me de partenaires\" \/>\n<meta property=\"og:description\" content=\"\u00c9quipe d\u2019experts sectoriels au service de vos objectifs : industrie, services, administration, \u00e9ducation, agro-agroalimentaire, informatique, tech - Un \u00e9cosyst\u00e8me de partenaires\" \/>\n<meta property=\"og:url\" content=\"https:\/\/www.valuans.com\/en\/a-partner-network\/\" \/>\n<meta property=\"og:site_name\" content=\"Valuans\" \/>\n<meta property=\"article:publisher\" content=\"https:\/\/www.facebook.com\/Valuans\" \/>\n<meta property=\"article:modified_time\" content=\"2021-05-31T15:25:33+00:00\" \/>\n<meta name=\"twitter:card\" content=\"summary_large_image\" \/>\n<meta name=\"twitter:site\" content=\"@valuans\" \/>\n<script type=\"application\/ld+json\" class=\"yoast-schema-graph\">{\"@context\":\"https:\/\/schema.org\",\"@graph\":[{\"@type\":\"WebPage\",\"@id\":\"https:\/\/www.valuans.com\/un-ecosysteme-de-partenaires-equipe-experts\/\",\"url\":\"https:\/\/www.valuans.com\/un-ecosysteme-de-partenaires-equipe-experts\/\",\"name\":\"Un \u00e9cosyst\u00e8me de partenaires - Valuans\",\"isPartOf\":{\"@id\":\"https:\/\/www.valuans.com\/#website\"},\"datePublished\":\"2019-01-25T20:41:37+00:00\",\"dateModified\":\"2021-05-31T15:25:33+00:00\",\"description\":\"\u00c9quipe d\u2019experts sectoriels au service de vos objectifs : industrie, services, administration, \u00e9ducation, agro-agroalimentaire, informatique, tech - Un \u00e9cosyst\u00e8me de partenaires\",\"breadcrumb\":{\"@id\":\"https:\/\/www.valuans.com\/un-ecosysteme-de-partenaires-equipe-experts\/#breadcrumb\"},\"inLanguage\":\"en-GB\",\"potentialAction\":[{\"@type\":\"ReadAction\",\"target\":[\"https:\/\/www.valuans.com\/un-ecosysteme-de-partenaires-equipe-experts\/\"]}]},{\"@type\":\"BreadcrumbList\",\"@id\":\"https:\/\/www.valuans.com\/un-ecosysteme-de-partenaires-equipe-experts\/#breadcrumb\",\"itemListElement\":[{\"@type\":\"ListItem\",\"position\":1,\"name\":\"Home\",\"item\":\"https:\/\/www.valuans.com\/\"},{\"@type\":\"ListItem\",\"position\":2,\"name\":\"Un \u00e9cosyst\u00e8me de partenaires\"}]},{\"@type\":\"WebSite\",\"@id\":\"https:\/\/www.valuans.com\/#website\",\"url\":\"https:\/\/www.valuans.com\/\",\"name\":\"Valuans\",\"description\":\"Accompagner les projets, d\u00e9velopper les id\u00e9es - Valuans - Agence Conseil\",\"publisher\":{\"@id\":\"https:\/\/www.valuans.com\/#organization\"},\"potentialAction\":[{\"@type\":\"SearchAction\",\"target\":{\"@type\":\"EntryPoint\",\"urlTemplate\":\"https:\/\/www.valuans.com\/?s={search_term_string}\"},\"query-input\":{\"@type\":\"PropertyValueSpecification\",\"valueRequired\":true,\"valueName\":\"search_term_string\"}}],\"inLanguage\":\"en-GB\"},{\"@type\":\"Organization\",\"@id\":\"https:\/\/www.valuans.com\/#organization\",\"name\":\"Valuans\",\"url\":\"https:\/\/www.valuans.com\/\",\"logo\":{\"@type\":\"ImageObject\",\"inLanguage\":\"en-GB\",\"@id\":\"https:\/\/www.valuans.com\/#\/schema\/logo\/image\/\",\"url\":\"https:\/\/www.valuans.com\/wp-content\/uploads\/2021\/05\/profil_valuans_280x280px.jpg\",\"contentUrl\":\"https:\/\/www.valuans.com\/wp-content\/uploads\/2021\/05\/profil_valuans_280x280px.jpg\",\"width\":281,\"height\":281,\"caption\":\"Valuans\"},\"image\":{\"@id\":\"https:\/\/www.valuans.com\/#\/schema\/logo\/image\/\"},\"sameAs\":[\"https:\/\/www.facebook.com\/Valuans\",\"https:\/\/x.com\/valuans\",\"https:\/\/www.instagram.com\/valuans\/\",\"https:\/\/www.linkedin.com\/company\/9220229\/admin\/\"]}]}<\/script>\n<!-- \/ Yoast SEO Premium plugin. -->","yoast_head_json":{"title":"Un \u00e9cosyst\u00e8me de partenaires - Valuans","description":"\u00c9quipe d\u2019experts sectoriels au service de vos objectifs : industrie, services, administration, \u00e9ducation, agro-agroalimentaire, informatique, tech - Un \u00e9cosyst\u00e8me de partenaires","robots":{"index":"index","follow":"follow","max-snippet":"max-snippet:-1","max-image-preview":"max-image-preview:large","max-video-preview":"max-video-preview:-1"},"canonical":"https:\/\/www.valuans.com\/en\/a-partner-network\/","og_locale":"en_GB","og_type":"article","og_title":"Un \u00e9cosyst\u00e8me de partenaires","og_description":"\u00c9quipe d\u2019experts sectoriels au service de vos objectifs : industrie, services, administration, \u00e9ducation, agro-agroalimentaire, informatique, tech - Un \u00e9cosyst\u00e8me de partenaires","og_url":"https:\/\/www.valuans.com\/en\/a-partner-network\/","og_site_name":"Valuans","article_publisher":"https:\/\/www.facebook.com\/Valuans","article_modified_time":"2021-05-31T15:25:33+00:00","twitter_card":"summary_large_image","twitter_site":"@valuans","schema":{"@context":"https:\/\/schema.org","@graph":[{"@type":"WebPage","@id":"https:\/\/www.valuans.com\/un-ecosysteme-de-partenaires-equipe-experts\/","url":"https:\/\/www.valuans.com\/un-ecosysteme-de-partenaires-equipe-experts\/","name":"Un \u00e9cosyst\u00e8me de partenaires - Valuans","isPartOf":{"@id":"https:\/\/www.valuans.com\/#website"},"datePublished":"2019-01-25T20:41:37+00:00","dateModified":"2021-05-31T15:25:33+00:00","description":"\u00c9quipe d\u2019experts sectoriels au service de vos objectifs : industrie, services, administration, \u00e9ducation, agro-agroalimentaire, informatique, tech - Un \u00e9cosyst\u00e8me de partenaires","breadcrumb":{"@id":"https:\/\/www.valuans.com\/un-ecosysteme-de-partenaires-equipe-experts\/#breadcrumb"},"inLanguage":"en-GB","potentialAction":[{"@type":"ReadAction","target":["https:\/\/www.valuans.com\/un-ecosysteme-de-partenaires-equipe-experts\/"]}]},{"@type":"BreadcrumbList","@id":"https:\/\/www.valuans.com\/un-ecosysteme-de-partenaires-equipe-experts\/#breadcrumb","itemListElement":[{"@type":"ListItem","position":1,"name":"Home","item":"https:\/\/www.valuans.com\/"},{"@type":"ListItem","position":2,"name":"Un \u00e9cosyst\u00e8me de partenaires"}]},{"@type":"WebSite","@id":"https:\/\/www.valuans.com\/#website","url":"https:\/\/www.valuans.com\/","name":"Valuans","description":"Accompagner les projets, d\u00e9velopper les id\u00e9es - Valuans - Agence Conseil","publisher":{"@id":"https:\/\/www.valuans.com\/#organization"},"potentialAction":[{"@type":"SearchAction","target":{"@type":"EntryPoint","urlTemplate":"https:\/\/www.valuans.com\/?s={search_term_string}"},"query-input":{"@type":"PropertyValueSpecification","valueRequired":true,"valueName":"search_term_string"}}],"inLanguage":"en-GB"},{"@type":"Organization","@id":"https:\/\/www.valuans.com\/#organization","name":"Valuans","url":"https:\/\/www.valuans.com\/","logo":{"@type":"ImageObject","inLanguage":"en-GB","@id":"https:\/\/www.valuans.com\/#\/schema\/logo\/image\/","url":"https:\/\/www.valuans.com\/wp-content\/uploads\/2021\/05\/profil_valuans_280x280px.jpg","contentUrl":"https:\/\/www.valuans.com\/wp-content\/uploads\/2021\/05\/profil_valuans_280x280px.jpg","width":281,"height":281,"caption":"Valuans"},"image":{"@id":"https:\/\/www.valuans.com\/#\/schema\/logo\/image\/"},"sameAs":["https:\/\/www.facebook.com\/Valuans","https:\/\/x.com\/valuans","https:\/\/www.instagram.com\/valuans\/","https:\/\/www.linkedin.com\/company\/9220229\/admin\/"]}]}},"jetpack_sharing_enabled":true,"_links":{"self":[{"href":"https:\/\/www.valuans.com\/en\/wp-json\/wp\/v2\/pages\/17"}],"collection":[{"href":"https:\/\/www.valuans.com\/en\/wp-json\/wp\/v2\/pages"}],"about":[{"href":"https:\/\/www.valuans.com\/en\/wp-json\/wp\/v2\/types\/page"}],"author":[{"embeddable":true,"href":"https:\/\/www.valuans.com\/en\/wp-json\/wp\/v2\/users\/1"}],"replies":[{"embeddable":true,"href":"https:\/\/www.valuans.com\/en\/wp-json\/wp\/v2\/comments?post=17"}],"version-history":[{"count":2,"href":"https:\/\/www.valuans.com\/en\/wp-json\/wp\/v2\/pages\/17\/revisions"}],"predecessor-version":[{"id":204,"href":"https:\/\/www.valuans.com\/en\/wp-json\/wp\/v2\/pages\/17\/revisions\/204"}],"wp:attachment":[{"href":"https:\/\/www.valuans.com\/en\/wp-json\/wp\/v2\/media?parent=17"}],"curies":[{"name":"wp","href":"https:\/\/api.w.org\/{rel}","templated":true}]}}